{"id":6325,"date":"2024-09-06T10:45:52","date_gmt":"2024-09-06T07:45:52","guid":{"rendered":"https:\/\/gursanmobilya.com.tr\/en\/?post_type=product&#038;p=6325"},"modified":"2025-05-02T16:11:45","modified_gmt":"2025-05-02T13:11:45","slug":"alpi-work-chair","status":"publish","type":"product","link":"https:\/\/gursanmobilya.com.tr\/en\/urun\/alpi-work-chair\/","title":{"rendered":"Alpi Work Chair"},"content":{"rendered":"<p><a href=\"https:\/\/gursanmobilya.com.tr\/en\/wp-content\/uploads\/2024\/09\/DSC_3252_-copy-scaled.jpg\"><img fetchpriority=\"high\" decoding=\"async\" class=\"wp-image-9338 aligncenter\" src=\"https:\/\/gursanmobilya.com.tr\/en\/wp-content\/uploads\/2024\/09\/DSC_3252_-copy-scaled.jpg\" alt=\"\" width=\"239\" height=\"358\" srcset=\"https:\/\/gursanmobilya.com.tr\/en\/wp-content\/uploads\/2024\/09\/DSC_3252_-copy-scaled.jpg 1707w, https:\/\/gursanmobilya.com.tr\/en\/wp-content\/uploads\/2024\/09\/DSC_3252_-copy-scaled-800x1200.jpg 800w, https:\/\/gursanmobilya.com.tr\/en\/wp-content\/uploads\/2024\/09\/DSC_3252_-copy-200x300.jpg 200w, https:\/\/gursanmobilya.com.tr\/en\/wp-content\/uploads\/2024\/09\/DSC_3252_-copy-683x1024.jpg 683w, https:\/\/gursanmobilya.com.tr\/en\/wp-content\/uploads\/2024\/09\/DSC_3252_-copy-768x1152.jpg 768w, https:\/\/gursanmobilya.com.tr\/en\/wp-content\/uploads\/2024\/09\/DSC_3252_-copy-1024x1536.jpg 1024w, https:\/\/gursanmobilya.com.tr\/en\/wp-content\/uploads\/2024\/09\/DSC_3252_-copy-1365x2048.jpg 1365w, https:\/\/gursanmobilya.com.tr\/en\/wp-content\/uploads\/2024\/09\/DSC_3252_-copy-8x12.jpg 8w, https:\/\/gursanmobilya.com.tr\/en\/wp-content\/uploads\/2024\/09\/DSC_3252_-copy-1170x1755.jpg 1170w\" sizes=\"(max-width: 239px) 100vw, 239px\" \/><\/a><\/p>\n","protected":false},"excerpt":{"rendered":"<p>Alpi office chair set will increase the quality of your work environments, meeting rooms and waiting areas with its innovative and modern design. It captures a stylish design with its simple and thin lines while keeping comfort at the highest level. You can add elegance to your office according to your style with black or aluminum leg options.<\/p>\n","protected":false},"featured_media":11362,"comment_status":"closed","ping_status":"closed","template":"","meta":{"_acf_changed":false},"renkmalzeme":[],"product_cat":[130,132],"product_tag":[],"class_list":{"0":"post-6325","1":"product","2":"type-product","3":"status-publish","4":"has-post-thumbnail","6":"product_cat-ofis-koltuklari","7":"product_cat-calisma-koltuklari","9":"first","10":"instock","11":"shipping-taxable","12":"purchasable","13":"product-type-simple","14":"add-to-wishlist-after_add_to_cart"},"acf":[],"yoast_head":"<!-- This site is optimized with the Yoast SEO plugin v23.9 - https:\/\/yoast.com\/wordpress\/plugins\/seo\/ -->\n<title>Alpi Work Chair - Office Chairs and Furniture | Gursan Furniture - Ergonomic and Stylish Solutions<\/title>\n<meta name=\"robots\" content=\"index, follow, max-snippet:-1, max-image-preview:large, max-video-preview:-1\" \/>\n<link rel=\"canonical\" href=\"https:\/\/gursanmobilya.com.tr\/en\/urun\/alpi-work-chair\/\" \/>\n<meta property=\"og:locale\" content=\"en_US\" \/>\n<meta property=\"og:type\" content=\"article\" \/>\n<meta property=\"og:title\" content=\"Alpi Work Chair - Office Chairs and Furniture | Gursan Furniture - Ergonomic and Stylish Solutions\" \/>\n<meta property=\"og:description\" content=\"Alpi office chair set will increase the quality of your work environments, meeting rooms and waiting areas with its innovative and modern design. It captures a stylish design with its simple and thin lines while keeping comfort at the highest level. You can add elegance to your office according to your style with black or aluminum leg options.\" \/>\n<meta property=\"og:url\" content=\"https:\/\/gursanmobilya.com.tr\/en\/urun\/alpi-work-chair\/\" \/>\n<meta property=\"og:site_name\" content=\"Office Chairs and Furniture | Gursan Furniture - Ergonomic and Stylish Solutions\" \/>\n<meta property=\"article:publisher\" content=\"https:\/\/www.facebook.com\/gursanburo\" \/>\n<meta property=\"article:modified_time\" content=\"2025-05-02T13:11:45+00:00\" \/>\n<meta property=\"og:image\" content=\"https:\/\/gursanmobilya.com.tr\/en\/wp-content\/uploads\/2024\/09\/ALPI-1.jpg\" \/>\n\t<meta property=\"og:image:width\" content=\"1200\" \/>\n\t<meta property=\"og:image:height\" content=\"1200\" \/>\n\t<meta property=\"og:image:type\" content=\"image\/jpeg\" \/>\n<meta name=\"twitter:card\" content=\"summary_large_image\" \/>\n<meta name=\"twitter:label1\" content=\"Est. reading time\" \/>\n\t<meta name=\"twitter:data1\" content=\"1 minute\" \/>\n<script type=\"application\/ld+json\" class=\"yoast-schema-graph\">{\"@context\":\"https:\/\/schema.org\",\"@graph\":[{\"@type\":\"WebPage\",\"@id\":\"https:\/\/gursanmobilya.com.tr\/en\/urun\/alpi-work-chair\/\",\"url\":\"https:\/\/gursanmobilya.com.tr\/en\/urun\/alpi-work-chair\/\",\"name\":\"Alpi Work Chair - Office Chairs and Furniture | Gursan Furniture - Ergonomic and Stylish Solutions\",\"isPartOf\":{\"@id\":\"https:\/\/gursanmobilya.com.tr\/en\/#website\"},\"primaryImageOfPage\":{\"@id\":\"https:\/\/gursanmobilya.com.tr\/en\/urun\/alpi-work-chair\/#primaryimage\"},\"image\":{\"@id\":\"https:\/\/gursanmobilya.com.tr\/en\/urun\/alpi-work-chair\/#primaryimage\"},\"thumbnailUrl\":\"https:\/\/gursanmobilya.com.tr\/en\/wp-content\/uploads\/2024\/09\/ALPI-1.jpg\",\"datePublished\":\"2024-09-06T07:45:52+00:00\",\"dateModified\":\"2025-05-02T13:11:45+00:00\",\"breadcrumb\":{\"@id\":\"https:\/\/gursanmobilya.com.tr\/en\/urun\/alpi-work-chair\/#breadcrumb\"},\"inLanguage\":\"en-US\",\"potentialAction\":[{\"@type\":\"ReadAction\",\"target\":[\"https:\/\/gursanmobilya.com.tr\/en\/urun\/alpi-work-chair\/\"]}]},{\"@type\":\"ImageObject\",\"inLanguage\":\"en-US\",\"@id\":\"https:\/\/gursanmobilya.com.tr\/en\/urun\/alpi-work-chair\/#primaryimage\",\"url\":\"https:\/\/gursanmobilya.com.tr\/en\/wp-content\/uploads\/2024\/09\/ALPI-1.jpg\",\"contentUrl\":\"https:\/\/gursanmobilya.com.tr\/en\/wp-content\/uploads\/2024\/09\/ALPI-1.jpg\",\"width\":1200,\"height\":1200},{\"@type\":\"BreadcrumbList\",\"@id\":\"https:\/\/gursanmobilya.com.tr\/en\/urun\/alpi-work-chair\/#breadcrumb\",\"itemListElement\":[{\"@type\":\"ListItem\",\"position\":1,\"name\":\"Anasayfa\",\"item\":\"https:\/\/gursanmobilya.com.tr\/en\/\"},{\"@type\":\"ListItem\",\"position\":2,\"name\":\"\u00dcr\u00fcnler\",\"item\":\"https:\/\/gursanmobilya.com.tr\/en\/magaza\/\"},{\"@type\":\"ListItem\",\"position\":3,\"name\":\"Alpi Work Chair\"}]},{\"@type\":\"WebSite\",\"@id\":\"https:\/\/gursanmobilya.com.tr\/en\/#website\",\"url\":\"https:\/\/gursanmobilya.com.tr\/en\/\",\"name\":\"Ofis Koltuklar\u0131 ve Mobilyalar\u0131 | Gursan Mobilya - Ergonomik ve \u015e\u0131k \u00c7\u00f6z\u00fcmler\",\"description\":\"\",\"publisher\":{\"@id\":\"https:\/\/gursanmobilya.com.tr\/en\/#organization\"},\"potentialAction\":[{\"@type\":\"SearchAction\",\"target\":{\"@type\":\"EntryPoint\",\"urlTemplate\":\"https:\/\/gursanmobilya.com.tr\/en\/?s={search_term_string}\"},\"query-input\":{\"@type\":\"PropertyValueSpecification\",\"valueRequired\":true,\"valueName\":\"search_term_string\"}}],\"inLanguage\":\"en-US\"},{\"@type\":\"Organization\",\"@id\":\"https:\/\/gursanmobilya.com.tr\/en\/#organization\",\"name\":\"Ofis Koltuklar\u0131 ve Mobilyalar\u0131 | Gursan Mobilya - Ergonomik ve \u015e\u0131k \u00c7\u00f6z\u00fcmler\",\"url\":\"https:\/\/gursanmobilya.com.tr\/en\/\",\"logo\":{\"@type\":\"ImageObject\",\"inLanguage\":\"en-US\",\"@id\":\"https:\/\/gursanmobilya.com.tr\/en\/#\/schema\/logo\/image\/\",\"url\":\"https:\/\/gursanmobilya.com.tr\/en\/wp-content\/uploads\/2024\/09\/logo-gursan-ofis-logo.png\",\"contentUrl\":\"https:\/\/gursanmobilya.com.tr\/en\/wp-content\/uploads\/2024\/09\/logo-gursan-ofis-logo.png\",\"width\":240,\"height\":54,\"caption\":\"Ofis Koltuklar\u0131 ve Mobilyalar\u0131 | Gursan Mobilya - Ergonomik ve \u015e\u0131k \u00c7\u00f6z\u00fcmler\"},\"image\":{\"@id\":\"https:\/\/gursanmobilya.com.tr\/en\/#\/schema\/logo\/image\/\"},\"sameAs\":[\"https:\/\/www.facebook.com\/gursanburo\",\"https:\/\/www.instagram.com\/gursanburo\"]}]}<\/script>\n<!-- \/ Yoast SEO plugin. -->","yoast_head_json":{"title":"Alpi Work Chair - Office Chairs and Furniture | Gursan Furniture - Ergonomic and Stylish Solutions","robots":{"index":"index","follow":"follow","max-snippet":"max-snippet:-1","max-image-preview":"max-image-preview:large","max-video-preview":"max-video-preview:-1"},"canonical":"https:\/\/gursanmobilya.com.tr\/en\/urun\/alpi-work-chair\/","og_locale":"en_US","og_type":"article","og_title":"Alpi Work Chair - Office Chairs and Furniture | Gursan Furniture - Ergonomic and Stylish Solutions","og_description":"Alpi office chair set will increase the quality of your work environments, meeting rooms and waiting areas with its innovative and modern design. It captures a stylish design with its simple and thin lines while keeping comfort at the highest level. You can add elegance to your office according to your style with black or aluminum leg options.","og_url":"https:\/\/gursanmobilya.com.tr\/en\/urun\/alpi-work-chair\/","og_site_name":"Office Chairs and Furniture | Gursan Furniture - Ergonomic and Stylish Solutions","article_publisher":"https:\/\/www.facebook.com\/gursanburo","article_modified_time":"2025-05-02T13:11:45+00:00","og_image":[{"width":1200,"height":1200,"url":"https:\/\/gursanmobilya.com.tr\/en\/wp-content\/uploads\/2024\/09\/ALPI-1.jpg","type":"image\/jpeg"}],"twitter_card":"summary_large_image","twitter_misc":{"Est. reading time":"1 minute"},"schema":{"@context":"https:\/\/schema.org","@graph":[{"@type":"WebPage","@id":"https:\/\/gursanmobilya.com.tr\/en\/urun\/alpi-work-chair\/","url":"https:\/\/gursanmobilya.com.tr\/en\/urun\/alpi-work-chair\/","name":"Alpi Work Chair - Office Chairs and Furniture | Gursan Furniture - Ergonomic and Stylish Solutions","isPartOf":{"@id":"https:\/\/gursanmobilya.com.tr\/en\/#website"},"primaryImageOfPage":{"@id":"https:\/\/gursanmobilya.com.tr\/en\/urun\/alpi-work-chair\/#primaryimage"},"image":{"@id":"https:\/\/gursanmobilya.com.tr\/en\/urun\/alpi-work-chair\/#primaryimage"},"thumbnailUrl":"https:\/\/gursanmobilya.com.tr\/en\/wp-content\/uploads\/2024\/09\/ALPI-1.jpg","datePublished":"2024-09-06T07:45:52+00:00","dateModified":"2025-05-02T13:11:45+00:00","breadcrumb":{"@id":"https:\/\/gursanmobilya.com.tr\/en\/urun\/alpi-work-chair\/#breadcrumb"},"inLanguage":"en-US","potentialAction":[{"@type":"ReadAction","target":["https:\/\/gursanmobilya.com.tr\/en\/urun\/alpi-work-chair\/"]}]},{"@type":"ImageObject","inLanguage":"en-US","@id":"https:\/\/gursanmobilya.com.tr\/en\/urun\/alpi-work-chair\/#primaryimage","url":"https:\/\/gursanmobilya.com.tr\/en\/wp-content\/uploads\/2024\/09\/ALPI-1.jpg","contentUrl":"https:\/\/gursanmobilya.com.tr\/en\/wp-content\/uploads\/2024\/09\/ALPI-1.jpg","width":1200,"height":1200},{"@type":"BreadcrumbList","@id":"https:\/\/gursanmobilya.com.tr\/en\/urun\/alpi-work-chair\/#breadcrumb","itemListElement":[{"@type":"ListItem","position":1,"name":"Anasayfa","item":"https:\/\/gursanmobilya.com.tr\/en\/"},{"@type":"ListItem","position":2,"name":"\u00dcr\u00fcnler","item":"https:\/\/gursanmobilya.com.tr\/en\/magaza\/"},{"@type":"ListItem","position":3,"name":"Alpi Work Chair"}]},{"@type":"WebSite","@id":"https:\/\/gursanmobilya.com.tr\/en\/#website","url":"https:\/\/gursanmobilya.com.tr\/en\/","name":"Ofis Koltuklar\u0131 ve Mobilyalar\u0131 | Gursan Mobilya - Ergonomik ve \u015e\u0131k \u00c7\u00f6z\u00fcmler","description":"","publisher":{"@id":"https:\/\/gursanmobilya.com.tr\/en\/#organization"},"potentialAction":[{"@type":"SearchAction","target":{"@type":"EntryPoint","urlTemplate":"https:\/\/gursanmobilya.com.tr\/en\/?s={search_term_string}"},"query-input":{"@type":"PropertyValueSpecification","valueRequired":true,"valueName":"search_term_string"}}],"inLanguage":"en-US"},{"@type":"Organization","@id":"https:\/\/gursanmobilya.com.tr\/en\/#organization","name":"Ofis Koltuklar\u0131 ve Mobilyalar\u0131 | Gursan Mobilya - Ergonomik ve \u015e\u0131k \u00c7\u00f6z\u00fcmler","url":"https:\/\/gursanmobilya.com.tr\/en\/","logo":{"@type":"ImageObject","inLanguage":"en-US","@id":"https:\/\/gursanmobilya.com.tr\/en\/#\/schema\/logo\/image\/","url":"https:\/\/gursanmobilya.com.tr\/en\/wp-content\/uploads\/2024\/09\/logo-gursan-ofis-logo.png","contentUrl":"https:\/\/gursanmobilya.com.tr\/en\/wp-content\/uploads\/2024\/09\/logo-gursan-ofis-logo.png","width":240,"height":54,"caption":"Ofis Koltuklar\u0131 ve Mobilyalar\u0131 | Gursan Mobilya - Ergonomik ve \u015e\u0131k \u00c7\u00f6z\u00fcmler"},"image":{"@id":"https:\/\/gursanmobilya.com.tr\/en\/#\/schema\/logo\/image\/"},"sameAs":["https:\/\/www.facebook.com\/gursanburo","https:\/\/www.instagram.com\/gursanburo"]}]}},"_links":{"self":[{"href":"https:\/\/gursanmobilya.com.tr\/en\/wp-json\/wp\/v2\/product\/6325","targetHints":{"allow":["GET"]}}],"collection":[{"href":"https:\/\/gursanmobilya.com.tr\/en\/wp-json\/wp\/v2\/product"}],"about":[{"href":"https:\/\/gursanmobilya.com.tr\/en\/wp-json\/wp\/v2\/types\/product"}],"replies":[{"embeddable":true,"href":"https:\/\/gursanmobilya.com.tr\/en\/wp-json\/wp\/v2\/comments?post=6325"}],"wp:featuredmedia":[{"embeddable":true,"href":"https:\/\/gursanmobilya.com.tr\/en\/wp-json\/wp\/v2\/media\/11362"}],"wp:attachment":[{"href":"https:\/\/gursanmobilya.com.tr\/en\/wp-json\/wp\/v2\/media?parent=6325"}],"wp:term":[{"taxonomy":"renkmalzeme","embeddable":true,"href":"https:\/\/gursanmobilya.com.tr\/en\/wp-json\/wp\/v2\/renkmalzeme?post=6325"},{"taxonomy":"product_cat","embeddable":true,"href":"https:\/\/gursanmobilya.com.tr\/en\/wp-json\/wp\/v2\/product_cat?post=6325"},{"taxonomy":"product_tag","embeddable":true,"href":"https:\/\/gursanmobilya.com.tr\/en\/wp-json\/wp\/v2\/product_tag?post=6325"}],"curies":[{"name":"wp","href":"https:\/\/api.w.org\/{rel}","templated":true}]}}