{"id":6449,"date":"2024-09-06T10:46:21","date_gmt":"2024-09-06T07:46:21","guid":{"rendered":"https:\/\/gursanmobilya.com.tr\/en\/?post_type=product&#038;p=6449"},"modified":"2025-01-28T16:50:19","modified_gmt":"2025-01-28T13:50:19","slug":"tefen-executive-desk-set","status":"publish","type":"product","link":"https:\/\/gursanmobilya.com.tr\/en\/urun\/tefen-executive-desk-set\/","title":{"rendered":"Tefen Executive Desk Set"},"content":{"rendered":"<header class=\"kd-section-title col-lg-12 text-center kd-animated fadeIn kd-animate\" data-animation-delay=\"200\">\n<div class=\"wpb_text_column wpb_content_element \">\n<div class=\"wpb_wrapper\">\n<div class=\"wpb_text_column wpb_content_element \">\n<div class=\"wpb_wrapper\">\n<div class=\"wpb_text_column wpb_content_element \">\n<div class=\"wpb_wrapper\">\n<p style=\"text-align: left;\">\n<\/div>\n<\/div>\n<\/div>\n<\/div>\n<\/div>\n<\/div>\n<\/header>\n","protected":false},"excerpt":{"rendered":"<p>Tefen Executive Office Set is designed to enable us to perceive the concept of the desk that we embody in our minds and the visual icon we create based on this concept differently. It has fine lines that will enable us to look at the concept of the Office Desk from a new perspective. While it remains loyal to the continuity in perception with its upper wooden body, it winks at future desk fashions with its curved leg form. This product, which can be described as an intermediate form in the perception of the desk, is with you with its superior quality standards and ease of use\u2026<\/p>\n","protected":false},"featured_media":11047,"comment_status":"closed","ping_status":"closed","template":"","meta":{"_acf_changed":false},"renkmalzeme":[],"product_cat":[155],"product_tag":[102],"class_list":{"0":"post-6449","1":"product","2":"type-product","3":"status-publish","4":"has-post-thumbnail","6":"product_cat-yonetici-masalari","7":"product_tag-makam-odasi","9":"first","10":"instock","11":"shipping-taxable","12":"purchasable","13":"product-type-simple","14":"add-to-wishlist-after_add_to_cart"},"acf":[],"yoast_head":"<!-- This site is optimized with the Yoast SEO plugin v23.9 - https:\/\/yoast.com\/wordpress\/plugins\/seo\/ -->\n<title>Tefen Executive Desk Set - Office Chairs and Furniture | Gursan Furniture - Ergonomic and Stylish Solutions<\/title>\n<meta name=\"robots\" content=\"index, follow, max-snippet:-1, max-image-preview:large, max-video-preview:-1\" \/>\n<link rel=\"canonical\" href=\"https:\/\/gursanmobilya.com.tr\/en\/urun\/tefen-executive-desk-set\/\" \/>\n<meta property=\"og:locale\" content=\"en_US\" \/>\n<meta property=\"og:type\" content=\"article\" \/>\n<meta property=\"og:title\" content=\"Tefen Executive Desk Set - Office Chairs and Furniture | Gursan Furniture - Ergonomic and Stylish Solutions\" \/>\n<meta property=\"og:description\" content=\"Tefen Executive Office Set is designed to enable us to perceive the concept of the desk that we embody in our minds and the visual icon we create based on this concept differently. It has fine lines that will enable us to look at the concept of the Office Desk from a new perspective. While it remains loyal to the continuity in perception with its upper wooden body, it winks at future desk fashions with its curved leg form. This product, which can be described as an intermediate form in the perception of the desk, is with you with its superior quality standards and ease of use\u2026\" \/>\n<meta property=\"og:url\" content=\"https:\/\/gursanmobilya.com.tr\/en\/urun\/tefen-executive-desk-set\/\" \/>\n<meta property=\"og:site_name\" content=\"Office Chairs and Furniture | Gursan Furniture - Ergonomic and Stylish Solutions\" \/>\n<meta property=\"article:publisher\" content=\"https:\/\/www.facebook.com\/gursanburo\" \/>\n<meta property=\"article:modified_time\" content=\"2025-01-28T13:50:19+00:00\" \/>\n<meta property=\"og:image\" content=\"https:\/\/gursanmobilya.com.tr\/en\/wp-content\/uploads\/2024\/09\/TEFEN-1.jpg\" \/>\n\t<meta property=\"og:image:width\" content=\"1200\" \/>\n\t<meta property=\"og:image:height\" content=\"1200\" \/>\n\t<meta property=\"og:image:type\" content=\"image\/jpeg\" \/>\n<meta name=\"twitter:card\" content=\"summary_large_image\" \/>\n<meta name=\"twitter:label1\" content=\"Est. reading time\" \/>\n\t<meta name=\"twitter:data1\" content=\"1 minute\" \/>\n<script type=\"application\/ld+json\" class=\"yoast-schema-graph\">{\"@context\":\"https:\/\/schema.org\",\"@graph\":[{\"@type\":\"WebPage\",\"@id\":\"https:\/\/gursanmobilya.com.tr\/en\/urun\/tefen-executive-desk-set\/\",\"url\":\"https:\/\/gursanmobilya.com.tr\/en\/urun\/tefen-executive-desk-set\/\",\"name\":\"Tefen Executive Desk Set - Office Chairs and Furniture | Gursan Furniture - Ergonomic and Stylish Solutions\",\"isPartOf\":{\"@id\":\"https:\/\/gursanmobilya.com.tr\/en\/#website\"},\"primaryImageOfPage\":{\"@id\":\"https:\/\/gursanmobilya.com.tr\/en\/urun\/tefen-executive-desk-set\/#primaryimage\"},\"image\":{\"@id\":\"https:\/\/gursanmobilya.com.tr\/en\/urun\/tefen-executive-desk-set\/#primaryimage\"},\"thumbnailUrl\":\"https:\/\/gursanmobilya.com.tr\/en\/wp-content\/uploads\/2024\/09\/TEFEN-1.jpg\",\"datePublished\":\"2024-09-06T07:46:21+00:00\",\"dateModified\":\"2025-01-28T13:50:19+00:00\",\"breadcrumb\":{\"@id\":\"https:\/\/gursanmobilya.com.tr\/en\/urun\/tefen-executive-desk-set\/#breadcrumb\"},\"inLanguage\":\"en-US\",\"potentialAction\":[{\"@type\":\"ReadAction\",\"target\":[\"https:\/\/gursanmobilya.com.tr\/en\/urun\/tefen-executive-desk-set\/\"]}]},{\"@type\":\"ImageObject\",\"inLanguage\":\"en-US\",\"@id\":\"https:\/\/gursanmobilya.com.tr\/en\/urun\/tefen-executive-desk-set\/#primaryimage\",\"url\":\"https:\/\/gursanmobilya.com.tr\/en\/wp-content\/uploads\/2024\/09\/TEFEN-1.jpg\",\"contentUrl\":\"https:\/\/gursanmobilya.com.tr\/en\/wp-content\/uploads\/2024\/09\/TEFEN-1.jpg\",\"width\":1200,\"height\":1200},{\"@type\":\"BreadcrumbList\",\"@id\":\"https:\/\/gursanmobilya.com.tr\/en\/urun\/tefen-executive-desk-set\/#breadcrumb\",\"itemListElement\":[{\"@type\":\"ListItem\",\"position\":1,\"name\":\"Anasayfa\",\"item\":\"https:\/\/gursanmobilya.com.tr\/en\/\"},{\"@type\":\"ListItem\",\"position\":2,\"name\":\"\u00dcr\u00fcnler\",\"item\":\"https:\/\/gursanmobilya.com.tr\/en\/magaza\/\"},{\"@type\":\"ListItem\",\"position\":3,\"name\":\"Tefen Executive Desk Set\"}]},{\"@type\":\"WebSite\",\"@id\":\"https:\/\/gursanmobilya.com.tr\/en\/#website\",\"url\":\"https:\/\/gursanmobilya.com.tr\/en\/\",\"name\":\"Ofis Koltuklar\u0131 ve Mobilyalar\u0131 | Gursan Mobilya - Ergonomik ve \u015e\u0131k \u00c7\u00f6z\u00fcmler\",\"description\":\"\",\"publisher\":{\"@id\":\"https:\/\/gursanmobilya.com.tr\/en\/#organization\"},\"potentialAction\":[{\"@type\":\"SearchAction\",\"target\":{\"@type\":\"EntryPoint\",\"urlTemplate\":\"https:\/\/gursanmobilya.com.tr\/en\/?s={search_term_string}\"},\"query-input\":{\"@type\":\"PropertyValueSpecification\",\"valueRequired\":true,\"valueName\":\"search_term_string\"}}],\"inLanguage\":\"en-US\"},{\"@type\":\"Organization\",\"@id\":\"https:\/\/gursanmobilya.com.tr\/en\/#organization\",\"name\":\"Ofis Koltuklar\u0131 ve Mobilyalar\u0131 | Gursan Mobilya - Ergonomik ve \u015e\u0131k \u00c7\u00f6z\u00fcmler\",\"url\":\"https:\/\/gursanmobilya.com.tr\/en\/\",\"logo\":{\"@type\":\"ImageObject\",\"inLanguage\":\"en-US\",\"@id\":\"https:\/\/gursanmobilya.com.tr\/en\/#\/schema\/logo\/image\/\",\"url\":\"https:\/\/gursanmobilya.com.tr\/en\/wp-content\/uploads\/2024\/09\/logo-gursan-ofis-logo.png\",\"contentUrl\":\"https:\/\/gursanmobilya.com.tr\/en\/wp-content\/uploads\/2024\/09\/logo-gursan-ofis-logo.png\",\"width\":240,\"height\":54,\"caption\":\"Ofis Koltuklar\u0131 ve Mobilyalar\u0131 | Gursan Mobilya - Ergonomik ve \u015e\u0131k \u00c7\u00f6z\u00fcmler\"},\"image\":{\"@id\":\"https:\/\/gursanmobilya.com.tr\/en\/#\/schema\/logo\/image\/\"},\"sameAs\":[\"https:\/\/www.facebook.com\/gursanburo\",\"https:\/\/www.instagram.com\/gursanburo\"]}]}<\/script>\n<!-- \/ Yoast SEO plugin. -->","yoast_head_json":{"title":"Tefen Executive Desk Set - Office Chairs and Furniture | Gursan Furniture - Ergonomic and Stylish Solutions","robots":{"index":"index","follow":"follow","max-snippet":"max-snippet:-1","max-image-preview":"max-image-preview:large","max-video-preview":"max-video-preview:-1"},"canonical":"https:\/\/gursanmobilya.com.tr\/en\/urun\/tefen-executive-desk-set\/","og_locale":"en_US","og_type":"article","og_title":"Tefen Executive Desk Set - Office Chairs and Furniture | Gursan Furniture - Ergonomic and Stylish Solutions","og_description":"Tefen Executive Office Set is designed to enable us to perceive the concept of the desk that we embody in our minds and the visual icon we create based on this concept differently. It has fine lines that will enable us to look at the concept of the Office Desk from a new perspective. While it remains loyal to the continuity in perception with its upper wooden body, it winks at future desk fashions with its curved leg form. This product, which can be described as an intermediate form in the perception of the desk, is with you with its superior quality standards and ease of use\u2026","og_url":"https:\/\/gursanmobilya.com.tr\/en\/urun\/tefen-executive-desk-set\/","og_site_name":"Office Chairs and Furniture | Gursan Furniture - Ergonomic and Stylish Solutions","article_publisher":"https:\/\/www.facebook.com\/gursanburo","article_modified_time":"2025-01-28T13:50:19+00:00","og_image":[{"width":1200,"height":1200,"url":"https:\/\/gursanmobilya.com.tr\/en\/wp-content\/uploads\/2024\/09\/TEFEN-1.jpg","type":"image\/jpeg"}],"twitter_card":"summary_large_image","twitter_misc":{"Est. reading time":"1 minute"},"schema":{"@context":"https:\/\/schema.org","@graph":[{"@type":"WebPage","@id":"https:\/\/gursanmobilya.com.tr\/en\/urun\/tefen-executive-desk-set\/","url":"https:\/\/gursanmobilya.com.tr\/en\/urun\/tefen-executive-desk-set\/","name":"Tefen Executive Desk Set - Office Chairs and Furniture | Gursan Furniture - Ergonomic and Stylish Solutions","isPartOf":{"@id":"https:\/\/gursanmobilya.com.tr\/en\/#website"},"primaryImageOfPage":{"@id":"https:\/\/gursanmobilya.com.tr\/en\/urun\/tefen-executive-desk-set\/#primaryimage"},"image":{"@id":"https:\/\/gursanmobilya.com.tr\/en\/urun\/tefen-executive-desk-set\/#primaryimage"},"thumbnailUrl":"https:\/\/gursanmobilya.com.tr\/en\/wp-content\/uploads\/2024\/09\/TEFEN-1.jpg","datePublished":"2024-09-06T07:46:21+00:00","dateModified":"2025-01-28T13:50:19+00:00","breadcrumb":{"@id":"https:\/\/gursanmobilya.com.tr\/en\/urun\/tefen-executive-desk-set\/#breadcrumb"},"inLanguage":"en-US","potentialAction":[{"@type":"ReadAction","target":["https:\/\/gursanmobilya.com.tr\/en\/urun\/tefen-executive-desk-set\/"]}]},{"@type":"ImageObject","inLanguage":"en-US","@id":"https:\/\/gursanmobilya.com.tr\/en\/urun\/tefen-executive-desk-set\/#primaryimage","url":"https:\/\/gursanmobilya.com.tr\/en\/wp-content\/uploads\/2024\/09\/TEFEN-1.jpg","contentUrl":"https:\/\/gursanmobilya.com.tr\/en\/wp-content\/uploads\/2024\/09\/TEFEN-1.jpg","width":1200,"height":1200},{"@type":"BreadcrumbList","@id":"https:\/\/gursanmobilya.com.tr\/en\/urun\/tefen-executive-desk-set\/#breadcrumb","itemListElement":[{"@type":"ListItem","position":1,"name":"Anasayfa","item":"https:\/\/gursanmobilya.com.tr\/en\/"},{"@type":"ListItem","position":2,"name":"\u00dcr\u00fcnler","item":"https:\/\/gursanmobilya.com.tr\/en\/magaza\/"},{"@type":"ListItem","position":3,"name":"Tefen Executive Desk Set"}]},{"@type":"WebSite","@id":"https:\/\/gursanmobilya.com.tr\/en\/#website","url":"https:\/\/gursanmobilya.com.tr\/en\/","name":"Ofis Koltuklar\u0131 ve Mobilyalar\u0131 | Gursan Mobilya - Ergonomik ve \u015e\u0131k \u00c7\u00f6z\u00fcmler","description":"","publisher":{"@id":"https:\/\/gursanmobilya.com.tr\/en\/#organization"},"potentialAction":[{"@type":"SearchAction","target":{"@type":"EntryPoint","urlTemplate":"https:\/\/gursanmobilya.com.tr\/en\/?s={search_term_string}"},"query-input":{"@type":"PropertyValueSpecification","valueRequired":true,"valueName":"search_term_string"}}],"inLanguage":"en-US"},{"@type":"Organization","@id":"https:\/\/gursanmobilya.com.tr\/en\/#organization","name":"Ofis Koltuklar\u0131 ve Mobilyalar\u0131 | Gursan Mobilya - Ergonomik ve \u015e\u0131k \u00c7\u00f6z\u00fcmler","url":"https:\/\/gursanmobilya.com.tr\/en\/","logo":{"@type":"ImageObject","inLanguage":"en-US","@id":"https:\/\/gursanmobilya.com.tr\/en\/#\/schema\/logo\/image\/","url":"https:\/\/gursanmobilya.com.tr\/en\/wp-content\/uploads\/2024\/09\/logo-gursan-ofis-logo.png","contentUrl":"https:\/\/gursanmobilya.com.tr\/en\/wp-content\/uploads\/2024\/09\/logo-gursan-ofis-logo.png","width":240,"height":54,"caption":"Ofis Koltuklar\u0131 ve Mobilyalar\u0131 | Gursan Mobilya - Ergonomik ve \u015e\u0131k \u00c7\u00f6z\u00fcmler"},"image":{"@id":"https:\/\/gursanmobilya.com.tr\/en\/#\/schema\/logo\/image\/"},"sameAs":["https:\/\/www.facebook.com\/gursanburo","https:\/\/www.instagram.com\/gursanburo"]}]}},"_links":{"self":[{"href":"https:\/\/gursanmobilya.com.tr\/en\/wp-json\/wp\/v2\/product\/6449","targetHints":{"allow":["GET"]}}],"collection":[{"href":"https:\/\/gursanmobilya.com.tr\/en\/wp-json\/wp\/v2\/product"}],"about":[{"href":"https:\/\/gursanmobilya.com.tr\/en\/wp-json\/wp\/v2\/types\/product"}],"replies":[{"embeddable":true,"href":"https:\/\/gursanmobilya.com.tr\/en\/wp-json\/wp\/v2\/comments?post=6449"}],"wp:featuredmedia":[{"embeddable":true,"href":"https:\/\/gursanmobilya.com.tr\/en\/wp-json\/wp\/v2\/media\/11047"}],"wp:attachment":[{"href":"https:\/\/gursanmobilya.com.tr\/en\/wp-json\/wp\/v2\/media?parent=6449"}],"wp:term":[{"taxonomy":"renkmalzeme","embeddable":true,"href":"https:\/\/gursanmobilya.com.tr\/en\/wp-json\/wp\/v2\/renkmalzeme?post=6449"},{"taxonomy":"product_cat","embeddable":true,"href":"https:\/\/gursanmobilya.com.tr\/en\/wp-json\/wp\/v2\/product_cat?post=6449"},{"taxonomy":"product_tag","embeddable":true,"href":"https:\/\/gursanmobilya.com.tr\/en\/wp-json\/wp\/v2\/product_tag?post=6449"}],"curies":[{"name":"wp","href":"https:\/\/api.w.org\/{rel}","templated":true}]}}