{"id":7613,"date":"2024-09-20T00:16:06","date_gmt":"2024-09-19T21:16:06","guid":{"rendered":"https:\/\/gursanmobilya.com.tr\/en\/?post_type=product&#038;p=7613"},"modified":"2025-01-28T16:48:47","modified_gmt":"2025-01-28T13:48:47","slug":"idea-executive-desk-set","status":"publish","type":"product","link":"https:\/\/gursanmobilya.com.tr\/en\/urun\/idea-executive-desk-set\/","title":{"rendered":"\u0130dea Executive Desk Set"},"content":{"rendered":"","protected":false},"excerpt":{"rendered":"<p>Offering an ideal office environment, this executive suite adds prestige to your offices with its modern design and stylish details. The table&#8217;s natural wood surface and wide work area combine functionality with aesthetics, while adding a professional atmosphere to your office environment with elegant details. Ergonomic leather chairs prioritize both elegance and comfort, providing comfort during long working hours. The modern style, enriched with metal leg details and accessories around the table, offers a simple yet sophisticated look.<\/p>\n","protected":false},"featured_media":11035,"comment_status":"closed","ping_status":"closed","template":"","meta":{"_acf_changed":false},"renkmalzeme":[],"product_cat":[155],"product_tag":[192],"class_list":{"0":"post-7613","1":"product","2":"type-product","3":"status-publish","4":"has-post-thumbnail","6":"product_cat-yonetici-masalari","7":"product_tag-yonetici-masalari","9":"first","10":"instock","11":"shipping-taxable","12":"purchasable","13":"product-type-simple","14":"add-to-wishlist-after_add_to_cart"},"acf":[],"yoast_head":"<!-- This site is optimized with the Yoast SEO plugin v23.9 - https:\/\/yoast.com\/wordpress\/plugins\/seo\/ -->\n<title>\u0130dea Executive Desk Set - Office Chairs and Furniture | Gursan Furniture - Ergonomic and Stylish Solutions<\/title>\n<meta name=\"robots\" content=\"index, follow, max-snippet:-1, max-image-preview:large, max-video-preview:-1\" \/>\n<link rel=\"canonical\" href=\"https:\/\/gursanmobilya.com.tr\/en\/urun\/idea-executive-desk-set\/\" \/>\n<meta property=\"og:locale\" content=\"en_US\" \/>\n<meta property=\"og:type\" content=\"article\" \/>\n<meta property=\"og:title\" content=\"\u0130dea Executive Desk Set - Office Chairs and Furniture | Gursan Furniture - Ergonomic and Stylish Solutions\" \/>\n<meta property=\"og:description\" content=\"Offering an ideal office environment, this executive suite adds prestige to your offices with its modern design and stylish details. The table&#039;s natural wood surface and wide work area combine functionality with aesthetics, while adding a professional atmosphere to your office environment with elegant details. Ergonomic leather chairs prioritize both elegance and comfort, providing comfort during long working hours. The modern style, enriched with metal leg details and accessories around the table, offers a simple yet sophisticated look.\" \/>\n<meta property=\"og:url\" content=\"https:\/\/gursanmobilya.com.tr\/en\/urun\/idea-executive-desk-set\/\" \/>\n<meta property=\"og:site_name\" content=\"Office Chairs and Furniture | Gursan Furniture - Ergonomic and Stylish Solutions\" \/>\n<meta property=\"article:publisher\" content=\"https:\/\/www.facebook.com\/gursanburo\" \/>\n<meta property=\"article:modified_time\" content=\"2025-01-28T13:48:47+00:00\" \/>\n<meta property=\"og:image\" content=\"https:\/\/gursanmobilya.com.tr\/en\/wp-content\/uploads\/2024\/09\/IDEA-1.jpg\" \/>\n\t<meta property=\"og:image:width\" content=\"1200\" \/>\n\t<meta property=\"og:image:height\" content=\"1200\" \/>\n\t<meta property=\"og:image:type\" content=\"image\/jpeg\" \/>\n<meta name=\"twitter:card\" content=\"summary_large_image\" \/>\n<meta name=\"twitter:label1\" content=\"Est. reading time\" \/>\n\t<meta name=\"twitter:data1\" content=\"1 minute\" \/>\n<script type=\"application\/ld+json\" class=\"yoast-schema-graph\">{\"@context\":\"https:\/\/schema.org\",\"@graph\":[{\"@type\":\"WebPage\",\"@id\":\"https:\/\/gursanmobilya.com.tr\/en\/urun\/idea-executive-desk-set\/\",\"url\":\"https:\/\/gursanmobilya.com.tr\/en\/urun\/idea-executive-desk-set\/\",\"name\":\"\u0130dea Executive Desk Set - Office Chairs and Furniture | Gursan Furniture - Ergonomic and Stylish Solutions\",\"isPartOf\":{\"@id\":\"https:\/\/gursanmobilya.com.tr\/en\/#website\"},\"primaryImageOfPage\":{\"@id\":\"https:\/\/gursanmobilya.com.tr\/en\/urun\/idea-executive-desk-set\/#primaryimage\"},\"image\":{\"@id\":\"https:\/\/gursanmobilya.com.tr\/en\/urun\/idea-executive-desk-set\/#primaryimage\"},\"thumbnailUrl\":\"https:\/\/gursanmobilya.com.tr\/en\/wp-content\/uploads\/2024\/09\/IDEA-1.jpg\",\"datePublished\":\"2024-09-19T21:16:06+00:00\",\"dateModified\":\"2025-01-28T13:48:47+00:00\",\"breadcrumb\":{\"@id\":\"https:\/\/gursanmobilya.com.tr\/en\/urun\/idea-executive-desk-set\/#breadcrumb\"},\"inLanguage\":\"en-US\",\"potentialAction\":[{\"@type\":\"ReadAction\",\"target\":[\"https:\/\/gursanmobilya.com.tr\/en\/urun\/idea-executive-desk-set\/\"]}]},{\"@type\":\"ImageObject\",\"inLanguage\":\"en-US\",\"@id\":\"https:\/\/gursanmobilya.com.tr\/en\/urun\/idea-executive-desk-set\/#primaryimage\",\"url\":\"https:\/\/gursanmobilya.com.tr\/en\/wp-content\/uploads\/2024\/09\/IDEA-1.jpg\",\"contentUrl\":\"https:\/\/gursanmobilya.com.tr\/en\/wp-content\/uploads\/2024\/09\/IDEA-1.jpg\",\"width\":1200,\"height\":1200},{\"@type\":\"BreadcrumbList\",\"@id\":\"https:\/\/gursanmobilya.com.tr\/en\/urun\/idea-executive-desk-set\/#breadcrumb\",\"itemListElement\":[{\"@type\":\"ListItem\",\"position\":1,\"name\":\"Anasayfa\",\"item\":\"https:\/\/gursanmobilya.com.tr\/en\/\"},{\"@type\":\"ListItem\",\"position\":2,\"name\":\"\u00dcr\u00fcnler\",\"item\":\"https:\/\/gursanmobilya.com.tr\/en\/magaza\/\"},{\"@type\":\"ListItem\",\"position\":3,\"name\":\"\u0130dea Executive Desk Set\"}]},{\"@type\":\"WebSite\",\"@id\":\"https:\/\/gursanmobilya.com.tr\/en\/#website\",\"url\":\"https:\/\/gursanmobilya.com.tr\/en\/\",\"name\":\"Ofis Koltuklar\u0131 ve Mobilyalar\u0131 | Gursan Mobilya - Ergonomik ve \u015e\u0131k \u00c7\u00f6z\u00fcmler\",\"description\":\"\",\"publisher\":{\"@id\":\"https:\/\/gursanmobilya.com.tr\/en\/#organization\"},\"potentialAction\":[{\"@type\":\"SearchAction\",\"target\":{\"@type\":\"EntryPoint\",\"urlTemplate\":\"https:\/\/gursanmobilya.com.tr\/en\/?s={search_term_string}\"},\"query-input\":{\"@type\":\"PropertyValueSpecification\",\"valueRequired\":true,\"valueName\":\"search_term_string\"}}],\"inLanguage\":\"en-US\"},{\"@type\":\"Organization\",\"@id\":\"https:\/\/gursanmobilya.com.tr\/en\/#organization\",\"name\":\"Ofis Koltuklar\u0131 ve Mobilyalar\u0131 | Gursan Mobilya - Ergonomik ve \u015e\u0131k \u00c7\u00f6z\u00fcmler\",\"url\":\"https:\/\/gursanmobilya.com.tr\/en\/\",\"logo\":{\"@type\":\"ImageObject\",\"inLanguage\":\"en-US\",\"@id\":\"https:\/\/gursanmobilya.com.tr\/en\/#\/schema\/logo\/image\/\",\"url\":\"https:\/\/gursanmobilya.com.tr\/en\/wp-content\/uploads\/2024\/09\/logo-gursan-ofis-logo.png\",\"contentUrl\":\"https:\/\/gursanmobilya.com.tr\/en\/wp-content\/uploads\/2024\/09\/logo-gursan-ofis-logo.png\",\"width\":240,\"height\":54,\"caption\":\"Ofis Koltuklar\u0131 ve Mobilyalar\u0131 | Gursan Mobilya - Ergonomik ve \u015e\u0131k \u00c7\u00f6z\u00fcmler\"},\"image\":{\"@id\":\"https:\/\/gursanmobilya.com.tr\/en\/#\/schema\/logo\/image\/\"},\"sameAs\":[\"https:\/\/www.facebook.com\/gursanburo\",\"https:\/\/www.instagram.com\/gursanburo\"]}]}<\/script>\n<!-- \/ Yoast SEO plugin. -->","yoast_head_json":{"title":"\u0130dea Executive Desk Set - Office Chairs and Furniture | Gursan Furniture - Ergonomic and Stylish Solutions","robots":{"index":"index","follow":"follow","max-snippet":"max-snippet:-1","max-image-preview":"max-image-preview:large","max-video-preview":"max-video-preview:-1"},"canonical":"https:\/\/gursanmobilya.com.tr\/en\/urun\/idea-executive-desk-set\/","og_locale":"en_US","og_type":"article","og_title":"\u0130dea Executive Desk Set - Office Chairs and Furniture | Gursan Furniture - Ergonomic and Stylish Solutions","og_description":"Offering an ideal office environment, this executive suite adds prestige to your offices with its modern design and stylish details. The table's natural wood surface and wide work area combine functionality with aesthetics, while adding a professional atmosphere to your office environment with elegant details. Ergonomic leather chairs prioritize both elegance and comfort, providing comfort during long working hours. The modern style, enriched with metal leg details and accessories around the table, offers a simple yet sophisticated look.","og_url":"https:\/\/gursanmobilya.com.tr\/en\/urun\/idea-executive-desk-set\/","og_site_name":"Office Chairs and Furniture | Gursan Furniture - Ergonomic and Stylish Solutions","article_publisher":"https:\/\/www.facebook.com\/gursanburo","article_modified_time":"2025-01-28T13:48:47+00:00","og_image":[{"width":1200,"height":1200,"url":"https:\/\/gursanmobilya.com.tr\/en\/wp-content\/uploads\/2024\/09\/IDEA-1.jpg","type":"image\/jpeg"}],"twitter_card":"summary_large_image","twitter_misc":{"Est. reading time":"1 minute"},"schema":{"@context":"https:\/\/schema.org","@graph":[{"@type":"WebPage","@id":"https:\/\/gursanmobilya.com.tr\/en\/urun\/idea-executive-desk-set\/","url":"https:\/\/gursanmobilya.com.tr\/en\/urun\/idea-executive-desk-set\/","name":"\u0130dea Executive Desk Set - Office Chairs and Furniture | Gursan Furniture - Ergonomic and Stylish Solutions","isPartOf":{"@id":"https:\/\/gursanmobilya.com.tr\/en\/#website"},"primaryImageOfPage":{"@id":"https:\/\/gursanmobilya.com.tr\/en\/urun\/idea-executive-desk-set\/#primaryimage"},"image":{"@id":"https:\/\/gursanmobilya.com.tr\/en\/urun\/idea-executive-desk-set\/#primaryimage"},"thumbnailUrl":"https:\/\/gursanmobilya.com.tr\/en\/wp-content\/uploads\/2024\/09\/IDEA-1.jpg","datePublished":"2024-09-19T21:16:06+00:00","dateModified":"2025-01-28T13:48:47+00:00","breadcrumb":{"@id":"https:\/\/gursanmobilya.com.tr\/en\/urun\/idea-executive-desk-set\/#breadcrumb"},"inLanguage":"en-US","potentialAction":[{"@type":"ReadAction","target":["https:\/\/gursanmobilya.com.tr\/en\/urun\/idea-executive-desk-set\/"]}]},{"@type":"ImageObject","inLanguage":"en-US","@id":"https:\/\/gursanmobilya.com.tr\/en\/urun\/idea-executive-desk-set\/#primaryimage","url":"https:\/\/gursanmobilya.com.tr\/en\/wp-content\/uploads\/2024\/09\/IDEA-1.jpg","contentUrl":"https:\/\/gursanmobilya.com.tr\/en\/wp-content\/uploads\/2024\/09\/IDEA-1.jpg","width":1200,"height":1200},{"@type":"BreadcrumbList","@id":"https:\/\/gursanmobilya.com.tr\/en\/urun\/idea-executive-desk-set\/#breadcrumb","itemListElement":[{"@type":"ListItem","position":1,"name":"Anasayfa","item":"https:\/\/gursanmobilya.com.tr\/en\/"},{"@type":"ListItem","position":2,"name":"\u00dcr\u00fcnler","item":"https:\/\/gursanmobilya.com.tr\/en\/magaza\/"},{"@type":"ListItem","position":3,"name":"\u0130dea Executive Desk Set"}]},{"@type":"WebSite","@id":"https:\/\/gursanmobilya.com.tr\/en\/#website","url":"https:\/\/gursanmobilya.com.tr\/en\/","name":"Ofis Koltuklar\u0131 ve Mobilyalar\u0131 | Gursan Mobilya - Ergonomik ve \u015e\u0131k \u00c7\u00f6z\u00fcmler","description":"","publisher":{"@id":"https:\/\/gursanmobilya.com.tr\/en\/#organization"},"potentialAction":[{"@type":"SearchAction","target":{"@type":"EntryPoint","urlTemplate":"https:\/\/gursanmobilya.com.tr\/en\/?s={search_term_string}"},"query-input":{"@type":"PropertyValueSpecification","valueRequired":true,"valueName":"search_term_string"}}],"inLanguage":"en-US"},{"@type":"Organization","@id":"https:\/\/gursanmobilya.com.tr\/en\/#organization","name":"Ofis Koltuklar\u0131 ve Mobilyalar\u0131 | Gursan Mobilya - Ergonomik ve \u015e\u0131k \u00c7\u00f6z\u00fcmler","url":"https:\/\/gursanmobilya.com.tr\/en\/","logo":{"@type":"ImageObject","inLanguage":"en-US","@id":"https:\/\/gursanmobilya.com.tr\/en\/#\/schema\/logo\/image\/","url":"https:\/\/gursanmobilya.com.tr\/en\/wp-content\/uploads\/2024\/09\/logo-gursan-ofis-logo.png","contentUrl":"https:\/\/gursanmobilya.com.tr\/en\/wp-content\/uploads\/2024\/09\/logo-gursan-ofis-logo.png","width":240,"height":54,"caption":"Ofis Koltuklar\u0131 ve Mobilyalar\u0131 | Gursan Mobilya - Ergonomik ve \u015e\u0131k \u00c7\u00f6z\u00fcmler"},"image":{"@id":"https:\/\/gursanmobilya.com.tr\/en\/#\/schema\/logo\/image\/"},"sameAs":["https:\/\/www.facebook.com\/gursanburo","https:\/\/www.instagram.com\/gursanburo"]}]}},"_links":{"self":[{"href":"https:\/\/gursanmobilya.com.tr\/en\/wp-json\/wp\/v2\/product\/7613","targetHints":{"allow":["GET"]}}],"collection":[{"href":"https:\/\/gursanmobilya.com.tr\/en\/wp-json\/wp\/v2\/product"}],"about":[{"href":"https:\/\/gursanmobilya.com.tr\/en\/wp-json\/wp\/v2\/types\/product"}],"replies":[{"embeddable":true,"href":"https:\/\/gursanmobilya.com.tr\/en\/wp-json\/wp\/v2\/comments?post=7613"}],"wp:featuredmedia":[{"embeddable":true,"href":"https:\/\/gursanmobilya.com.tr\/en\/wp-json\/wp\/v2\/media\/11035"}],"wp:attachment":[{"href":"https:\/\/gursanmobilya.com.tr\/en\/wp-json\/wp\/v2\/media?parent=7613"}],"wp:term":[{"taxonomy":"renkmalzeme","embeddable":true,"href":"https:\/\/gursanmobilya.com.tr\/en\/wp-json\/wp\/v2\/renkmalzeme?post=7613"},{"taxonomy":"product_cat","embeddable":true,"href":"https:\/\/gursanmobilya.com.tr\/en\/wp-json\/wp\/v2\/product_cat?post=7613"},{"taxonomy":"product_tag","embeddable":true,"href":"https:\/\/gursanmobilya.com.tr\/en\/wp-json\/wp\/v2\/product_tag?post=7613"}],"curies":[{"name":"wp","href":"https:\/\/api.w.org\/{rel}","templated":true}]}}