{"id":8084,"date":"2024-09-30T00:25:33","date_gmt":"2024-09-29T21:25:33","guid":{"rendered":"https:\/\/gursanmobilya.com.tr\/en\/?post_type=product&#038;p=8084"},"modified":"2025-05-07T10:55:47","modified_gmt":"2025-05-07T07:55:47","slug":"play-chair","status":"publish","type":"product","link":"https:\/\/gursanmobilya.com.tr\/en\/urun\/play-chair\/","title":{"rendered":"Play Chair"},"content":{"rendered":"<p><a href=\"https:\/\/gursanmobilya.com.tr\/en\/wp-content\/uploads\/2024\/09\/play-konferasn.png\"><img fetchpriority=\"high\" decoding=\"async\" class=\" wp-image-9400 aligncenter\" src=\"https:\/\/gursanmobilya.com.tr\/en\/wp-content\/uploads\/2024\/09\/play-konferasn.png\" alt=\"\" width=\"603\" height=\"302\" srcset=\"https:\/\/gursanmobilya.com.tr\/en\/wp-content\/uploads\/2024\/09\/play-konferasn.png 1185w, https:\/\/gursanmobilya.com.tr\/en\/wp-content\/uploads\/2024\/09\/play-konferasn-800x400.png 800w, https:\/\/gursanmobilya.com.tr\/en\/wp-content\/uploads\/2024\/09\/play-konferasn-300x150.png 300w, https:\/\/gursanmobilya.com.tr\/en\/wp-content\/uploads\/2024\/09\/play-konferasn-1024x512.png 1024w, https:\/\/gursanmobilya.com.tr\/en\/wp-content\/uploads\/2024\/09\/play-konferasn-768x384.png 768w, https:\/\/gursanmobilya.com.tr\/en\/wp-content\/uploads\/2024\/09\/play-konferasn-18x9.png 18w, https:\/\/gursanmobilya.com.tr\/en\/wp-content\/uploads\/2024\/09\/play-konferasn-1170x585.png 1170w\" sizes=\"(max-width: 603px) 100vw, 603px\" \/><\/a><\/p>\n<p>Our chair series with writing pad, which offers a perfect solution for your education, seminar and conference areas, draws attention with its both aesthetic and functional design. While it offers comfort even in long-term use thanks to its ergonomic seating structure, it can be used safely for years with its durable steel frame.<\/p>\n<p>The foldable writing pad makes it easier to take notes and write. In addition, it can be easily carried and stored thanks to its lightweight and compact design. It perfectly fits into any environment with its black, white and modern color options.<\/p>\n<p>Features:<br \/>\nErgonomic Design: Maximum comfort during long sessions.<\/p>\n<p>Durable Material: High-quality steel frame.<br \/>\nFoldable Writing Pad: User-friendly functionality.<br \/>\nStylish and Modern Appearance: Adapts to every area from education to meetings.<br \/>\nCompact and Portable: Easy storage and transportation.<br \/>\nAreas of Use:<br \/>\nUniversity classrooms<br \/>\nCompany meeting rooms<br \/>\nConference halls<br \/>\nEducation centers<\/p>\n<p>Take your areas to the next level with chairs with writing pads that offer modern solutions from conferences to trainings!<\/p>\n<p>Get a quote now and transform your professional workspace!<\/p>\n","protected":false},"excerpt":{"rendered":"<p>Play Conference Chairs are a special design offered to those looking for modern elegance in office furniture selection. Every office is successfully completed with Play conference chairs, which are among G\u00fcrsan Mobilya&#8217;s designs that offer solutions suitable for every area.<\/p>\n","protected":false},"featured_media":11415,"comment_status":"closed","ping_status":"closed","template":"","meta":{"_acf_changed":false},"renkmalzeme":[],"product_cat":[161,136,133,163],"product_tag":[],"class_list":{"0":"post-8084","1":"product","2":"type-product","3":"status-publish","4":"has-post-thumbnail","6":"product_cat-konferans-koltuklari","7":"product_cat-misafir-koltuklari","8":"product_cat-sofas-chairs","9":"product_cat-sandalyeler","11":"first","12":"instock","13":"shipping-taxable","14":"purchasable","15":"product-type-simple","16":"add-to-wishlist-after_add_to_cart"},"acf":[],"yoast_head":"<!-- This site is optimized with the Yoast SEO plugin v23.9 - https:\/\/yoast.com\/wordpress\/plugins\/seo\/ -->\n<title>Yaz\u0131 Tablal\u0131 Konferans Sandalyesi - Office Chairs and Furniture | Gursan Furniture - Ergonomic and Stylish Solutions<\/title>\n<meta name=\"description\" content=\"Konferans, e\u011fitim ve toplant\u0131 alanlar\u0131n\u0131z i\u00e7in ergonomik ve dayan\u0131kl\u0131 yaz\u0131 tablal\u0131 sandalyeler. \u015e\u0131k tasar\u0131m ve i\u015flevsellik bir arada. Hemen inceleyin!&quot;\" \/>\n<meta name=\"robots\" content=\"index, follow, max-snippet:-1, max-image-preview:large, max-video-preview:-1\" \/>\n<link rel=\"canonical\" href=\"https:\/\/gursanmobilya.com.tr\/en\/urun\/play-chair\/\" \/>\n<meta property=\"og:locale\" content=\"en_US\" \/>\n<meta property=\"og:type\" content=\"article\" \/>\n<meta property=\"og:title\" content=\"Yaz\u0131 Tablal\u0131 Konferans Sandalyesi - Office Chairs and Furniture | Gursan Furniture - Ergonomic and Stylish Solutions\" \/>\n<meta property=\"og:description\" content=\"Konferans, e\u011fitim ve toplant\u0131 alanlar\u0131n\u0131z i\u00e7in ergonomik ve dayan\u0131kl\u0131 yaz\u0131 tablal\u0131 sandalyeler. \u015e\u0131k tasar\u0131m ve i\u015flevsellik bir arada. Hemen inceleyin!&quot;\" \/>\n<meta property=\"og:url\" content=\"https:\/\/gursanmobilya.com.tr\/en\/urun\/play-chair\/\" \/>\n<meta property=\"og:site_name\" content=\"Office Chairs and Furniture | Gursan Furniture - Ergonomic and Stylish Solutions\" \/>\n<meta property=\"article:publisher\" content=\"https:\/\/www.facebook.com\/gursanburo\" \/>\n<meta property=\"article:modified_time\" content=\"2025-05-07T07:55:47+00:00\" \/>\n<meta property=\"og:image\" content=\"https:\/\/gursanmobilya.com.tr\/en\/wp-content\/uploads\/2024\/09\/PLAY-1.jpg\" \/>\n\t<meta property=\"og:image:width\" content=\"1200\" \/>\n\t<meta property=\"og:image:height\" content=\"1200\" \/>\n\t<meta property=\"og:image:type\" content=\"image\/jpeg\" \/>\n<meta name=\"twitter:card\" content=\"summary_large_image\" \/>\n<meta name=\"twitter:label1\" content=\"Est. reading time\" \/>\n\t<meta name=\"twitter:data1\" content=\"2 minutes\" \/>\n<script type=\"application\/ld+json\" class=\"yoast-schema-graph\">{\"@context\":\"https:\/\/schema.org\",\"@graph\":[{\"@type\":\"WebPage\",\"@id\":\"https:\/\/gursanmobilya.com.tr\/en\/urun\/play-chair\/\",\"url\":\"https:\/\/gursanmobilya.com.tr\/en\/urun\/play-chair\/\",\"name\":\"Yaz\u0131 Tablal\u0131 Konferans Sandalyesi - Office Chairs and Furniture | Gursan Furniture - Ergonomic and Stylish Solutions\",\"isPartOf\":{\"@id\":\"https:\/\/gursanmobilya.com.tr\/en\/#website\"},\"primaryImageOfPage\":{\"@id\":\"https:\/\/gursanmobilya.com.tr\/en\/urun\/play-chair\/#primaryimage\"},\"image\":{\"@id\":\"https:\/\/gursanmobilya.com.tr\/en\/urun\/play-chair\/#primaryimage\"},\"thumbnailUrl\":\"https:\/\/gursanmobilya.com.tr\/en\/wp-content\/uploads\/2024\/09\/PLAY-1.jpg\",\"datePublished\":\"2024-09-29T21:25:33+00:00\",\"dateModified\":\"2025-05-07T07:55:47+00:00\",\"description\":\"Konferans, e\u011fitim ve toplant\u0131 alanlar\u0131n\u0131z i\u00e7in ergonomik ve dayan\u0131kl\u0131 yaz\u0131 tablal\u0131 sandalyeler. \u015e\u0131k tasar\u0131m ve i\u015flevsellik bir arada. Hemen inceleyin!\\\"\",\"breadcrumb\":{\"@id\":\"https:\/\/gursanmobilya.com.tr\/en\/urun\/play-chair\/#breadcrumb\"},\"inLanguage\":\"en-US\",\"potentialAction\":[{\"@type\":\"ReadAction\",\"target\":[\"https:\/\/gursanmobilya.com.tr\/en\/urun\/play-chair\/\"]}]},{\"@type\":\"ImageObject\",\"inLanguage\":\"en-US\",\"@id\":\"https:\/\/gursanmobilya.com.tr\/en\/urun\/play-chair\/#primaryimage\",\"url\":\"https:\/\/gursanmobilya.com.tr\/en\/wp-content\/uploads\/2024\/09\/PLAY-1.jpg\",\"contentUrl\":\"https:\/\/gursanmobilya.com.tr\/en\/wp-content\/uploads\/2024\/09\/PLAY-1.jpg\",\"width\":1200,\"height\":1200},{\"@type\":\"BreadcrumbList\",\"@id\":\"https:\/\/gursanmobilya.com.tr\/en\/urun\/play-chair\/#breadcrumb\",\"itemListElement\":[{\"@type\":\"ListItem\",\"position\":1,\"name\":\"Anasayfa\",\"item\":\"https:\/\/gursanmobilya.com.tr\/en\/\"},{\"@type\":\"ListItem\",\"position\":2,\"name\":\"\u00dcr\u00fcnler\",\"item\":\"https:\/\/gursanmobilya.com.tr\/en\/magaza\/\"},{\"@type\":\"ListItem\",\"position\":3,\"name\":\"Play Chair\"}]},{\"@type\":\"WebSite\",\"@id\":\"https:\/\/gursanmobilya.com.tr\/en\/#website\",\"url\":\"https:\/\/gursanmobilya.com.tr\/en\/\",\"name\":\"Ofis Koltuklar\u0131 ve Mobilyalar\u0131 | Gursan Mobilya - Ergonomik ve \u015e\u0131k \u00c7\u00f6z\u00fcmler\",\"description\":\"\",\"publisher\":{\"@id\":\"https:\/\/gursanmobilya.com.tr\/en\/#organization\"},\"potentialAction\":[{\"@type\":\"SearchAction\",\"target\":{\"@type\":\"EntryPoint\",\"urlTemplate\":\"https:\/\/gursanmobilya.com.tr\/en\/?s={search_term_string}\"},\"query-input\":{\"@type\":\"PropertyValueSpecification\",\"valueRequired\":true,\"valueName\":\"search_term_string\"}}],\"inLanguage\":\"en-US\"},{\"@type\":\"Organization\",\"@id\":\"https:\/\/gursanmobilya.com.tr\/en\/#organization\",\"name\":\"Ofis Koltuklar\u0131 ve Mobilyalar\u0131 | Gursan Mobilya - Ergonomik ve \u015e\u0131k \u00c7\u00f6z\u00fcmler\",\"url\":\"https:\/\/gursanmobilya.com.tr\/en\/\",\"logo\":{\"@type\":\"ImageObject\",\"inLanguage\":\"en-US\",\"@id\":\"https:\/\/gursanmobilya.com.tr\/en\/#\/schema\/logo\/image\/\",\"url\":\"https:\/\/gursanmobilya.com.tr\/en\/wp-content\/uploads\/2024\/09\/logo-gursan-ofis-logo.png\",\"contentUrl\":\"https:\/\/gursanmobilya.com.tr\/en\/wp-content\/uploads\/2024\/09\/logo-gursan-ofis-logo.png\",\"width\":240,\"height\":54,\"caption\":\"Ofis Koltuklar\u0131 ve Mobilyalar\u0131 | Gursan Mobilya - Ergonomik ve \u015e\u0131k \u00c7\u00f6z\u00fcmler\"},\"image\":{\"@id\":\"https:\/\/gursanmobilya.com.tr\/en\/#\/schema\/logo\/image\/\"},\"sameAs\":[\"https:\/\/www.facebook.com\/gursanburo\",\"https:\/\/www.instagram.com\/gursanburo\"]}]}<\/script>\n<!-- \/ Yoast SEO plugin. -->","yoast_head_json":{"title":"Yaz\u0131 Tablal\u0131 Konferans Sandalyesi - Office Chairs and Furniture | Gursan Furniture - Ergonomic and Stylish Solutions","description":"Konferans, e\u011fitim ve toplant\u0131 alanlar\u0131n\u0131z i\u00e7in ergonomik ve dayan\u0131kl\u0131 yaz\u0131 tablal\u0131 sandalyeler. \u015e\u0131k tasar\u0131m ve i\u015flevsellik bir arada. Hemen inceleyin!\"","robots":{"index":"index","follow":"follow","max-snippet":"max-snippet:-1","max-image-preview":"max-image-preview:large","max-video-preview":"max-video-preview:-1"},"canonical":"https:\/\/gursanmobilya.com.tr\/en\/urun\/play-chair\/","og_locale":"en_US","og_type":"article","og_title":"Yaz\u0131 Tablal\u0131 Konferans Sandalyesi - Office Chairs and Furniture | Gursan Furniture - Ergonomic and Stylish Solutions","og_description":"Konferans, e\u011fitim ve toplant\u0131 alanlar\u0131n\u0131z i\u00e7in ergonomik ve dayan\u0131kl\u0131 yaz\u0131 tablal\u0131 sandalyeler. \u015e\u0131k tasar\u0131m ve i\u015flevsellik bir arada. Hemen inceleyin!\"","og_url":"https:\/\/gursanmobilya.com.tr\/en\/urun\/play-chair\/","og_site_name":"Office Chairs and Furniture | Gursan Furniture - Ergonomic and Stylish Solutions","article_publisher":"https:\/\/www.facebook.com\/gursanburo","article_modified_time":"2025-05-07T07:55:47+00:00","og_image":[{"width":1200,"height":1200,"url":"https:\/\/gursanmobilya.com.tr\/en\/wp-content\/uploads\/2024\/09\/PLAY-1.jpg","type":"image\/jpeg"}],"twitter_card":"summary_large_image","twitter_misc":{"Est. reading time":"2 minutes"},"schema":{"@context":"https:\/\/schema.org","@graph":[{"@type":"WebPage","@id":"https:\/\/gursanmobilya.com.tr\/en\/urun\/play-chair\/","url":"https:\/\/gursanmobilya.com.tr\/en\/urun\/play-chair\/","name":"Yaz\u0131 Tablal\u0131 Konferans Sandalyesi - Office Chairs and Furniture | Gursan Furniture - Ergonomic and Stylish Solutions","isPartOf":{"@id":"https:\/\/gursanmobilya.com.tr\/en\/#website"},"primaryImageOfPage":{"@id":"https:\/\/gursanmobilya.com.tr\/en\/urun\/play-chair\/#primaryimage"},"image":{"@id":"https:\/\/gursanmobilya.com.tr\/en\/urun\/play-chair\/#primaryimage"},"thumbnailUrl":"https:\/\/gursanmobilya.com.tr\/en\/wp-content\/uploads\/2024\/09\/PLAY-1.jpg","datePublished":"2024-09-29T21:25:33+00:00","dateModified":"2025-05-07T07:55:47+00:00","description":"Konferans, e\u011fitim ve toplant\u0131 alanlar\u0131n\u0131z i\u00e7in ergonomik ve dayan\u0131kl\u0131 yaz\u0131 tablal\u0131 sandalyeler. \u015e\u0131k tasar\u0131m ve i\u015flevsellik bir arada. Hemen inceleyin!\"","breadcrumb":{"@id":"https:\/\/gursanmobilya.com.tr\/en\/urun\/play-chair\/#breadcrumb"},"inLanguage":"en-US","potentialAction":[{"@type":"ReadAction","target":["https:\/\/gursanmobilya.com.tr\/en\/urun\/play-chair\/"]}]},{"@type":"ImageObject","inLanguage":"en-US","@id":"https:\/\/gursanmobilya.com.tr\/en\/urun\/play-chair\/#primaryimage","url":"https:\/\/gursanmobilya.com.tr\/en\/wp-content\/uploads\/2024\/09\/PLAY-1.jpg","contentUrl":"https:\/\/gursanmobilya.com.tr\/en\/wp-content\/uploads\/2024\/09\/PLAY-1.jpg","width":1200,"height":1200},{"@type":"BreadcrumbList","@id":"https:\/\/gursanmobilya.com.tr\/en\/urun\/play-chair\/#breadcrumb","itemListElement":[{"@type":"ListItem","position":1,"name":"Anasayfa","item":"https:\/\/gursanmobilya.com.tr\/en\/"},{"@type":"ListItem","position":2,"name":"\u00dcr\u00fcnler","item":"https:\/\/gursanmobilya.com.tr\/en\/magaza\/"},{"@type":"ListItem","position":3,"name":"Play Chair"}]},{"@type":"WebSite","@id":"https:\/\/gursanmobilya.com.tr\/en\/#website","url":"https:\/\/gursanmobilya.com.tr\/en\/","name":"Ofis Koltuklar\u0131 ve Mobilyalar\u0131 | Gursan Mobilya - Ergonomik ve \u015e\u0131k \u00c7\u00f6z\u00fcmler","description":"","publisher":{"@id":"https:\/\/gursanmobilya.com.tr\/en\/#organization"},"potentialAction":[{"@type":"SearchAction","target":{"@type":"EntryPoint","urlTemplate":"https:\/\/gursanmobilya.com.tr\/en\/?s={search_term_string}"},"query-input":{"@type":"PropertyValueSpecification","valueRequired":true,"valueName":"search_term_string"}}],"inLanguage":"en-US"},{"@type":"Organization","@id":"https:\/\/gursanmobilya.com.tr\/en\/#organization","name":"Ofis Koltuklar\u0131 ve Mobilyalar\u0131 | Gursan Mobilya - Ergonomik ve \u015e\u0131k \u00c7\u00f6z\u00fcmler","url":"https:\/\/gursanmobilya.com.tr\/en\/","logo":{"@type":"ImageObject","inLanguage":"en-US","@id":"https:\/\/gursanmobilya.com.tr\/en\/#\/schema\/logo\/image\/","url":"https:\/\/gursanmobilya.com.tr\/en\/wp-content\/uploads\/2024\/09\/logo-gursan-ofis-logo.png","contentUrl":"https:\/\/gursanmobilya.com.tr\/en\/wp-content\/uploads\/2024\/09\/logo-gursan-ofis-logo.png","width":240,"height":54,"caption":"Ofis Koltuklar\u0131 ve Mobilyalar\u0131 | Gursan Mobilya - Ergonomik ve \u015e\u0131k \u00c7\u00f6z\u00fcmler"},"image":{"@id":"https:\/\/gursanmobilya.com.tr\/en\/#\/schema\/logo\/image\/"},"sameAs":["https:\/\/www.facebook.com\/gursanburo","https:\/\/www.instagram.com\/gursanburo"]}]}},"_links":{"self":[{"href":"https:\/\/gursanmobilya.com.tr\/en\/wp-json\/wp\/v2\/product\/8084","targetHints":{"allow":["GET"]}}],"collection":[{"href":"https:\/\/gursanmobilya.com.tr\/en\/wp-json\/wp\/v2\/product"}],"about":[{"href":"https:\/\/gursanmobilya.com.tr\/en\/wp-json\/wp\/v2\/types\/product"}],"replies":[{"embeddable":true,"href":"https:\/\/gursanmobilya.com.tr\/en\/wp-json\/wp\/v2\/comments?post=8084"}],"wp:featuredmedia":[{"embeddable":true,"href":"https:\/\/gursanmobilya.com.tr\/en\/wp-json\/wp\/v2\/media\/11415"}],"wp:attachment":[{"href":"https:\/\/gursanmobilya.com.tr\/en\/wp-json\/wp\/v2\/media?parent=8084"}],"wp:term":[{"taxonomy":"renkmalzeme","embeddable":true,"href":"https:\/\/gursanmobilya.com.tr\/en\/wp-json\/wp\/v2\/renkmalzeme?post=8084"},{"taxonomy":"product_cat","embeddable":true,"href":"https:\/\/gursanmobilya.com.tr\/en\/wp-json\/wp\/v2\/product_cat?post=8084"},{"taxonomy":"product_tag","embeddable":true,"href":"https:\/\/gursanmobilya.com.tr\/en\/wp-json\/wp\/v2\/product_tag?post=8084"}],"curies":[{"name":"wp","href":"https:\/\/api.w.org\/{rel}","templated":true}]}}